{"id":3171,"date":"2022-11-01T13:18:07","date_gmt":"2022-11-01T13:18:07","guid":{"rendered":"https:\/\/zcmpsandbox.com\/?page_id=3171"},"modified":"2023-08-25T18:08:53","modified_gmt":"2023-08-25T18:08:53","slug":"imagine-2","status":"publish","type":"page","link":"https:\/\/zcmp.org\/es\/imagine-2\/","title":{"rendered":"Imaginar"},"content":{"rendered":"<p class=\"has-medium-font-size\"><span class=\"dropcap\">Imaginaci\u00f3n<\/span> es una fuerza poderosa. Nos permite visualizar algo que no est\u00e1 all\u00ed. Dadas las p\u00e9rdidas que hab\u00edan experimentado los participantes del ZCMP, especialmente durante la COVID, era vital imaginar diferentes formas de organizar nuestra existencia personal y social e imaginar diferentes resultados posibles. En ZCMP practicamos nuestra imaginaci\u00f3n a trav\u00e9s de un ejercicio del Teatro del Oprimido de Augusto Boal llamado Transformaci\u00f3n de Objetos. Toma una botella de agua. \u00bfQu\u00e9 m\u00e1s podr\u00eda ser? (<a href=\"https:\/\/zcmp.org\/es\/3443-2\/\" data-type=\"page\" data-id=\"3443\">Ver Ensayos para el Cambio<\/a>) Uno tras otro, los participantes se levantaron en silencio e imitaron un tel\u00e9fono, un secador de pelo o un micr\u00f3fono. Todos se rieron tratando de adivinar. El ejercicio nos record\u00f3 que las cosas no son fijas ni est\u00e1ticas: todo, incluso una botella de agua, se puede transformar. Mientras adivinamos y discutimos estas posibilidades, trabajamos juntos para imaginar el cambio. \u00bfC\u00f3mo podr\u00edamos lograrlo? Para construir un mundo mejor, m\u00e1s sostenible y equitativo, primero tenemos que imaginarlo. La improvisaci\u00f3n nos permiti\u00f3 desaprender caminos y respuestas trillados y ensayar alternativas. Nos permiti\u00f3 estar abiertos a la sorpresa.\u00a0<\/p>\n\n\n\n<p>present\u00e1ndola <em>Visualizaci\u00f3n de \u00e1rboles <\/em>ejercicio, la l\u00edder del taller, Noni Carter, nos record\u00f3 que <em>En tiempos de crisis, es importante recordar la potencia de la visi\u00f3n, tanto comunitaria como individual, particularmente cuando se elaboran demandas de justicia.<\/em>. En el ejercicio permitimos que las esperanzas, los deseos y los sue\u00f1os crecieran como ramas en <em>demandas, de nosotros mismos, nuestro mundo y\/o nuestras comunidades<\/em>. (<a href=\"https:\/\/zcmp.org\/es\/storytelling-2\/\" data-type=\"page\" data-id=\"3449\">Ver Taller de Escritura<\/a>) Reflexionando sobre su desempe\u00f1o de duraci\u00f3n <em><a href=\"https:\/\/zcmp.org\/es\/talk-to-the-future\/\" data-type=\"page\" data-id=\"3147\">Habla con el futuro<\/a><\/em>, coment\u00f3 Mar\u00eda Jos\u00e9 Contreras, <em>Hablar con el futuro requiere imaginar lo que est\u00e1 por venir, y esto parece un ejercicio dif\u00edcil para muchos de nosotros.<\/em> Y sin embargo, a trav\u00e9s de actos de imaginaci\u00f3n, como dijo Doris Salcedo en nuestra mesa redonda de artistas sobre <a href=\"https:\/\/zcmp.org\/es\/reparative-memory-i\/\" data-type=\"page\" data-id=\"3131\">\u201c<\/a><a href=\"https:\/\/zcmp.org\/es\/roundtables\/\" data-type=\"page\" data-id=\"3131\">reparadora<\/a><a href=\"https:\/\/zcmp.org\/es\/reparative-memory-i\/\" data-type=\"page\" data-id=\"3131\"> Memoria yo,\u201d<\/a><em> <\/em><em>Lo imposible puede volverse posible.<\/em><\/p>\n\n\n\n<p><em>El Proyecto de Memoria del C\u00f3digo Postal nos brinda un espacio para imaginar un futuro en el que estemos sanos, seguros y felices en comunidad con personas que se preocupan profundamente por la ciudad.<\/em><\/p>\n\n\n\n<p class=\"has-small-font-size\"><img decoding=\"async\" src=\"https:\/\/zcmp.org\/wp-content\/uploads\/2023\/06\/cam-1.jpg\">  <em>Foto de encabezado: Desiree R\u00edos<\/em><\/p>","protected":false},"excerpt":{"rendered":"<p>La imaginaci\u00f3n es una fuerza poderosa. Nos permite visualizar algo que no est\u00e1 ah\u00ed. Dadas las p\u00e9rdidas que hab\u00edan experimentado los participantes del ZCMP, especialmente durante la COVID, era vital imaginar diferentes formas de organizar nuestra existencia personal y social e imaginar diferentes resultados posibles. En ZCMP practicamos nuestra imaginaci\u00f3n a trav\u00e9s de un ejercicio de Augusto\u2026 <\/p>\n<p class=\"link-more\"><a href=\"https:\/\/zcmp.org\/es\/imagine-2\/\" class=\"more-link\">Leer m\u00e1s<span class=\"screen-reader-text\"> &quot;Imaginar&quot;<\/span><\/a><\/p>","protected":false},"author":2,"featured_media":3615,"parent":0,"menu_order":0,"comment_status":"closed","ping_status":"closed","template":"","meta":{"footnotes":""},"class_list":["post-3171","page","type-page","status-publish","has-post-thumbnail","hentry"],"_links":{"self":[{"href":"https:\/\/zcmp.org\/es\/wp-json\/wp\/v2\/pages\/3171","targetHints":{"allow":["GET"]}}],"collection":[{"href":"https:\/\/zcmp.org\/es\/wp-json\/wp\/v2\/pages"}],"about":[{"href":"https:\/\/zcmp.org\/es\/wp-json\/wp\/v2\/types\/page"}],"author":[{"embeddable":true,"href":"https:\/\/zcmp.org\/es\/wp-json\/wp\/v2\/users\/2"}],"replies":[{"embeddable":true,"href":"https:\/\/zcmp.org\/es\/wp-json\/wp\/v2\/comments?post=3171"}],"version-history":[{"count":12,"href":"https:\/\/zcmp.org\/es\/wp-json\/wp\/v2\/pages\/3171\/revisions"}],"predecessor-version":[{"id":4540,"href":"https:\/\/zcmp.org\/es\/wp-json\/wp\/v2\/pages\/3171\/revisions\/4540"}],"wp:featuredmedia":[{"embeddable":true,"href":"https:\/\/zcmp.org\/es\/wp-json\/wp\/v2\/media\/3615"}],"wp:attachment":[{"href":"https:\/\/zcmp.org\/es\/wp-json\/wp\/v2\/media?parent=3171"}],"curies":[{"name":"wp","href":"https:\/\/api.w.org\/{rel}","templated":true}]}}