{"id":3173,"date":"2022-11-01T13:18:18","date_gmt":"2022-11-01T13:18:18","guid":{"rendered":"https:\/\/zcmpsandbox.com\/?page_id=3173"},"modified":"2023-08-25T18:00:12","modified_gmt":"2023-08-25T18:00:12","slug":"zip-codes","status":"publish","type":"page","link":"https:\/\/zcmp.org\/es\/zip-codes\/","title":{"rendered":"C\u00f3digos ZIP"},"content":{"rendered":"<p class=\"has-medium-font-size\"><span class=\"dropcap\">Los Estados Unidos<\/span> El Servicio Postal introdujo los C\u00f3digos Postales (Plan de Mejoramiento de Zona) a mediados de la d\u00e9cada de 1960. El prop\u00f3sito era acelerar la entrega del correo marcando ubicaciones geogr\u00e1ficas precisas en todo el pa\u00eds en las que se pod\u00edan clasificar los lotes de correo. Los lotes se pueden entregar de manera m\u00e1s eficiente que las cartas individuales o los paquetes. Al igual que otros marcadores demogr\u00e1ficos, como las parcelas de uso del suelo o las secciones censales, tambi\u00e9n pronto resultaron \u00fatiles para indexar la distribuci\u00f3n de otras cosas, como el n\u00famero de escuelas, el valor relativo de la vivienda, la presencia o ausencia de hospitales, en una ubicaci\u00f3n dada. Los c\u00f3digos postales tambi\u00e9n adquirieron r\u00e1pidamente una dimensi\u00f3n afectiva. Se convirtieron en una abreviatura popular para un sentido de conexi\u00f3n y comunidad dentro de los vecindarios, y un sentido de diferencia fuera de ellos. Ofrecieron pistas y confirmaci\u00f3n del estatus social y econ\u00f3mico. Por ejemplo, el exitoso drama adolescente de TV <em>beverly colinas 90210<\/em>, que se emiti\u00f3 desde el oto\u00f1o de 1990 hasta la primavera de 2000, supuestamente describ\u00eda la vida en esa comunidad rica. El n\u00famero en s\u00ed adquiri\u00f3 un brillo m\u00edtico.\u00a0<\/p>\n\n\n\n<p>Pero los c\u00f3digos postales tambi\u00e9n rastrean disyunciones. [<a href=\"https:\/\/zcmp.org\/es\/roundtables\/\" data-type=\"URL\" data-id=\"https:\/\/zcmpsandbox.com\/?page_id=3222\">Ver Mesa Redonda de C\u00f3digos Postales<\/a>] Durante el cierre de la pandemia de COVID-19, los c\u00f3digos postales se convirtieron en una abreviatura de desigualdades sociales significativas y, a veces, brutales que afectan las vidas y las expectativas de vida de diferentes comunidades. S\u00f3lo en la ciudad de Nueva York, las personas que viven en c\u00f3digos postales vecinos pueden tener experiencias muy distintas de mortalidad y precariedad, dependiendo de la distribuci\u00f3n de los hospitales, el costo y la condici\u00f3n de las viviendas, la facilidad de acceso al transporte p\u00fablico, la omnipresencia de la contaminaci\u00f3n y muchos otros recursos sociales de los barrios que est\u00e1n conectados al poder socioecon\u00f3mico.<\/p>\n\n\n\n<p>El Proyecto de memoria de c\u00f3digos postales tom\u00f3 las dimensiones afectivas de los c\u00f3digos postales como una forma de designar comunidades imaginadas, y luego trat\u00f3 de buscar debajo de las similitudes y diferencias en experiencias m\u00e1s detalladas. El mapeo de c\u00f3digos postales nos ense\u00f1\u00f3 nuevas formas de conceptualizar c\u00f3mo somos y no somos iguales, incluso cuando nos gobiernan juntos.<\/p>\n\n\n\n<p>El c\u00f3digo postal es \u00fatil como punto de datos que puede revelar patrones en la distribuci\u00f3n de bienes, la creaci\u00f3n de v\u00ednculos comunitarios y el refinamiento del conocimiento demogr\u00e1fico. Pero tambi\u00e9n sirve como dispositivo MNEM\u00d3NICO, significando la memoria de d\u00f3nde estaba cada uno de nosotros cuando la ciudad se detuvo: lo que sufrimos, lo que compartimos, lo que perdimos y lo que superamos.<\/p>\n\n\n\n<p class=\"has-small-font-size\"><img decoding=\"async\" src=\"https:\/\/zcmp.org\/wp-content\/uploads\/2023\/06\/cam-1.jpg\">  <em>Foto de encabezado: Desiree R\u00edos<\/em><\/p>","protected":false},"excerpt":{"rendered":"<p>El Servicio Postal de EE. UU. introdujo los c\u00f3digos postales (Plan de mejora de zona) a mediados de la d\u00e9cada de 1960. El prop\u00f3sito era acelerar la entrega del correo marcando ubicaciones geogr\u00e1ficas precisas en todo el pa\u00eds en las que se pod\u00edan clasificar los lotes de correo. Los lotes se pueden entregar de manera m\u00e1s eficiente que las cartas individuales o los paquetes. Al igual que otros marcadores demogr\u00e1ficos, como la tierra... <\/p>\n<p class=\"link-more\"><a href=\"https:\/\/zcmp.org\/es\/zip-codes\/\" class=\"more-link\">Leer m\u00e1s<span class=\"screen-reader-text\"> &quot;C\u00f3digos ZIP&quot;<\/span><\/a><\/p>","protected":false},"author":2,"featured_media":3619,"parent":0,"menu_order":0,"comment_status":"closed","ping_status":"closed","template":"","meta":{"footnotes":""},"class_list":["post-3173","page","type-page","status-publish","has-post-thumbnail","hentry"],"_links":{"self":[{"href":"https:\/\/zcmp.org\/es\/wp-json\/wp\/v2\/pages\/3173","targetHints":{"allow":["GET"]}}],"collection":[{"href":"https:\/\/zcmp.org\/es\/wp-json\/wp\/v2\/pages"}],"about":[{"href":"https:\/\/zcmp.org\/es\/wp-json\/wp\/v2\/types\/page"}],"author":[{"embeddable":true,"href":"https:\/\/zcmp.org\/es\/wp-json\/wp\/v2\/users\/2"}],"replies":[{"embeddable":true,"href":"https:\/\/zcmp.org\/es\/wp-json\/wp\/v2\/comments?post=3173"}],"version-history":[{"count":11,"href":"https:\/\/zcmp.org\/es\/wp-json\/wp\/v2\/pages\/3173\/revisions"}],"predecessor-version":[{"id":4532,"href":"https:\/\/zcmp.org\/es\/wp-json\/wp\/v2\/pages\/3173\/revisions\/4532"}],"wp:featuredmedia":[{"embeddable":true,"href":"https:\/\/zcmp.org\/es\/wp-json\/wp\/v2\/media\/3619"}],"wp:attachment":[{"href":"https:\/\/zcmp.org\/es\/wp-json\/wp\/v2\/media?parent=3173"}],"curies":[{"name":"wp","href":"https:\/\/api.w.org\/{rel}","templated":true}]}}