{"id":3230,"date":"2022-11-01T14:52:17","date_gmt":"2022-11-01T14:52:17","guid":{"rendered":"https:\/\/zcmpsandbox.com\/?page_id=3230"},"modified":"2022-12-23T15:58:43","modified_gmt":"2022-12-23T15:58:43","slug":"related-projects","status":"publish","type":"page","link":"https:\/\/zcmp.org\/es\/related-projects\/","title":{"rendered":"Proyectos relacionados"},"content":{"rendered":"<p><strong>Tras la peste: Eros y el luto<\/strong><\/p>\n\n\n\n<p>\u201cIn the Wake of the Plague: Eros and Mourning\u201d es un simposio interdisciplinario en Dartmouth College que adopta perspectivas filos\u00f3ficas, est\u00e9ticas (literarias, cinematogr\u00e1ficas, teatrales, musicales), cl\u00e1sicas, pol\u00edticas, m\u00e9dicas y cl\u00ednicas sobre el amor y la p\u00e9rdida durante una \u00e9poca. de plagas. En un momento en que existen numerosos estudios cient\u00edficos y pron\u00f3sticos gubernamentales sobre el COVID-19, todav\u00eda son relativamente pocos los eventos dedicados al costo subjetivo del virus y, especialmente, a las formas en que ya han cambiado las transformaciones geopol\u00edticas que han resultado de \u00e9l. la naturaleza de la experiencia subjetiva.<\/p>\n\n\n\n<p><strong>La Am\u00e9rica negra y el Covid: un proyecto de historia oral de Sonja J. Killebrew<\/strong><br><a href=\"https:\/\/rss.com\/podcasts\/blackamericaandcovid\/\">https:\/\/rss.com\/podcasts\/blackamericaandcovid\/<\/a><\/p>\n\n\n\n<p>\u00bfC\u00d3MO HAN IMPACTADO EL COVID-19 EN LOS NEGROS ESTADOUNIDENSES? \u00bfEs usted un afroamericano que perdi\u00f3 a alguien durante la pandemia de Covid-19? \u00bfEs usted un afroamericano que no perdi\u00f3 a nadie y quiere compartir c\u00f3mo fue trabajar y vivir durante la pandemia de Covid-19? \u00bfEs usted un estadounidense no negro que perdi\u00f3 a alguien cercano a usted que era estadounidense negro y desea compartir la historia de su vida? \u00bfQuieres compartir tu historia sobre ellos? Soy un americano negro; Soy educador; Soy escritor. Quiero contar tu historia.<\/p>\n\n\n\n<p><strong>Mapas Covid caseros de Bloomberg CityLab<\/strong><br><a href=\"https:\/\/www.bloomberg.com\/news\/features\/2022-01-25\/homemade-covid-maps-navigate-life-around-the-world\">https:\/\/www.bloomberg.com\/news\/features\/2022-01-25\/homemade-covid-maps-navigate-life-around-the-world<\/a><\/p>\n\n\n\n<p>Utilizando el arte y la cartograf\u00eda como acto de expresi\u00f3n, los lectores de Bloomberg CityLab describen los cambios duraderos que la pandemia ha provocado en nuestro paisaje f\u00edsico y mental. El sitio web presenta mapas ilustrados y narraciones breves que los acompa\u00f1an, as\u00ed como un llamado a la participaci\u00f3n continua.<\/p>\n\n\n\n<p><strong>Sonya Clark, Memorial de la curaci\u00f3n de Detroit<\/strong><\/p>\n\n\n\n<figure class=\"wp-block-embed\"><div class=\"wp-block-embed__wrapper\">\nhttps:\/\/articles.bento-live.pbs.org\/articles\/2021\/12\/pbs-for-the-arts-sonya-clark\/\n<\/div><\/figure>\n\n\n\n<p>Detroit fue una de las ciudades m\u00e1s afectadas de Estados Unidos y perdi\u00f3 miles de vidas durante la pandemia. El Healing Memorial es un proyecto en curso para conmemorar a los seres queridos perdidos de la ciudad. En agosto de 2021, se inaugur\u00f3 en el TCF Center la instalaci\u00f3n de arte p\u00fablico, desarrollada por la artista textil y de pr\u00e1ctica social Sonya Clark. La enorme pared presenta 2000 bolsas hechas a mano por residentes de Detroit con tela, cuentas y cuerdas.<\/p>\n\n\n\n<p><strong>Rafael Lozano-Hemmer: una grieta en el reloj de arena, un homenaje continuo al COVID-19<\/strong><\/p>\n\n\n\n<figure class=\"wp-block-embed\"><div class=\"wp-block-embed__wrapper\">\nhttps:\/\/www.brooklynmuseum.org\/exhibitions\/rafael_lozano_hemmer\n<\/div><\/figure>\n\n\n\n<figure class=\"wp-block-embed\"><div class=\"wp-block-embed__wrapper\">\nhttps:\/\/pioneerworks.org\/broadcast\/jean-dykstra-rafael-lozano-hemmer\n<\/div><\/figure>\n\n\n\n<p><em>Una grieta en el reloj de arena&nbsp;<\/em>es un \u201cantimonumento\u201d participativo y transitorio del artista Rafael Lozano-Hemmer sobre la \u00e9poca de la pandemia y las formas en que ha detenido los rituales p\u00fablicos de duelo. Se invita al p\u00fablico a enviar fotograf\u00edas de sus seres queridos perdidos a causa del COVID-19 en www.acrackinthehourglass.net, acompa\u00f1adas de una dedicatoria personalizada, y a observar en el Museo de Brooklyn o mediante transmisi\u00f3n en vivo c\u00f3mo un trazador rob\u00f3tico modificado deposita granos de arena de reloj de arena en un escenario negro para recrear la imagen. Una vez completado cada retrato, la gravedad lo borra lentamente. Todo el proceso se archiva en el sitio web y luego la misma arena se recicla en el siguiente retrato, formando un n\u00famero ilimitado de monumentos conmemorativos y enfatizando la naturaleza colectiva y continua de la pandemia.<\/p>\n\n\n\n<p><strong>marcado por el covid<\/strong><\/p>\n\n\n\n<p><a href=\"https:\/\/www.markedbycovid.com\/\">https:\/\/www.markedbycovid.com\/<\/a><strong>&nbsp;<br><\/strong>Marked by Covid es una organizaci\u00f3n sin fines de lucro que organiza eventos exclusivamente voluntarios y conecta centros de activistas de COVID en todo el pa\u00eds. Las actividades del grupo incluyen financiar \u201cobituarios honestos\u201d, organizar acciones, amplificar historias personales, abogar por un D\u00eda Conmemorativo de COVID y coordinar un intercambio de tarjetas de condolencia.<\/p>\n\n\n\n<p><strong>Proyecto de gr\u00faa conmemorativa<\/strong><\/p>\n\n\n\n<p><a href=\"https:\/\/memorialcraneproject.org\/\">https:\/\/memorialcraneproject.org\/<\/a><br>El Memorial Crane Project es una instalaci\u00f3n de arte colaborativa que conmemora a las personas en los Estados Unidos que perdieron la vida a causa del Covid-19. Est\u00e1 dirigido por Karla Funderburk y cocreado con voluntarios de todas las edades y procedencias, que doblan a mano grullas de origami, que se ensartan y cuelgan entre s\u00ed de armaduras de alambre de cobre. Cada grulla representa una vida perdida. El sitio web del proyecto incluye im\u00e1genes, historias y una lista de nombres.&nbsp;<\/p>\n\n\n\n<p><strong>Archivos en com\u00fan&nbsp;<\/strong><\/p>\n\n\n\n<p><a href=\"https:\/\/archivesincommon.com\/\">https:\/\/archivesincommon.com\/<\/a><br>Archives in Common es un esfuerzo colaborativo de organizadores comunitarios, miembros de la comunidad inmigrante y miembros de la comunidad CUNY para apoyar, ampliar y archivar los esfuerzos de ayuda mutua durante la pandemia (principalmente en el sur del Bronx). El proyecto incluye listados de talleres, un programa de estudios que contiene poes\u00eda, arte y prosa, e informaci\u00f3n sobre ayuda mutua.<\/p>\n\n\n\n<p><strong>&nbsp;Archivo de historia oral, narrativa y memoria de NYC Covid-19<\/strong><\/p>\n\n\n\n<p>La pandemia de COVID-19 es la crisis de enfermedades infecciosas m\u00e1s grave que ha sufrido Estados Unidos.<br>Estados Unidos ha afrontado desde la pandemia de gripe de 1918, y tememos que no ser\u00e1 la \u00faltima. Nuestro equipo de soci\u00f3logos, historiadores orales y antrop\u00f3logos del INCITE de la Universidad de Columbia y los Archivos de Historia Oral de Columbia est\u00e1n construyendo un archivo que documenta la experiencia de la pandemia en la ciudad de Nueva York.<br><a href=\"https:\/\/www.ccohr.incite.columbia.edu\/covid19-oral-history-project\">https:\/\/www.ccohr.incite.columbia.edu\/covid19-oral-history-project<\/a><\/p>\n\n\n\n<p><strong>Recordando a los neoyorquinos que hemos perdido a causa del COVID-19<\/strong><\/p>\n\n\n\n<p><a href=\"https:\/\/projects.thecity.nyc\/covid-19-deaths\/\">https:\/\/projects.thecity.nyc\/covid-19-deaths\/<\/a><br>\u201cRecordando a los neoyorquinos que hemos perdido a causa del COVID-19\u201d es un proyecto de conmemoraci\u00f3n dirigido por investigadores de la Universidad de Columbia y la Universidad de la Ciudad de Nueva York. Al final de un breve art\u00edculo que describe los objetivos y la metodolog\u00eda del proyecto, los usuarios pueden ver fotograf\u00edas y descripciones de personas que fallecieron por causas relacionadas con COVID. Tambi\u00e9n se invita a los usuarios a enviar informaci\u00f3n para incluirla en el proyecto por mensaje de texto, correo electr\u00f3nico o tel\u00e9fono.<\/p>","protected":false},"excerpt":{"rendered":"<p>Tras la plaga: Eros y el duelo \u201cTras la plaga: Eros y el duelo\u201d es un simposio interdisciplinario en Dartmouth College que adopta temas filos\u00f3ficos, est\u00e9ticos (literarios, cinematogr\u00e1ficos, teatrales, musicales), cl\u00e1sicos, pol\u00edticos, m\u00e9dicos, y perspectivas cl\u00ednicas sobre el amor y la p\u00e9rdida durante una \u00e9poca de plagas. En un momento en el que existen numerosos\u2026 <\/p>\n<p class=\"link-more\"><a href=\"https:\/\/zcmp.org\/es\/related-projects\/\" class=\"more-link\">Leer m\u00e1s<span class=\"screen-reader-text\"> &quot;Proyectos relacionados&quot;<\/span><\/a><\/p>","protected":false},"author":2,"featured_media":0,"parent":0,"menu_order":0,"comment_status":"closed","ping_status":"closed","template":"","meta":{"footnotes":""},"class_list":["post-3230","page","type-page","status-publish","hentry"],"_links":{"self":[{"href":"https:\/\/zcmp.org\/es\/wp-json\/wp\/v2\/pages\/3230","targetHints":{"allow":["GET"]}}],"collection":[{"href":"https:\/\/zcmp.org\/es\/wp-json\/wp\/v2\/pages"}],"about":[{"href":"https:\/\/zcmp.org\/es\/wp-json\/wp\/v2\/types\/page"}],"author":[{"embeddable":true,"href":"https:\/\/zcmp.org\/es\/wp-json\/wp\/v2\/users\/2"}],"replies":[{"embeddable":true,"href":"https:\/\/zcmp.org\/es\/wp-json\/wp\/v2\/comments?post=3230"}],"version-history":[{"count":3,"href":"https:\/\/zcmp.org\/es\/wp-json\/wp\/v2\/pages\/3230\/revisions"}],"predecessor-version":[{"id":3767,"href":"https:\/\/zcmp.org\/es\/wp-json\/wp\/v2\/pages\/3230\/revisions\/3767"}],"wp:attachment":[{"href":"https:\/\/zcmp.org\/es\/wp-json\/wp\/v2\/media?parent=3230"}],"curies":[{"name":"wp","href":"https:\/\/api.w.org\/{rel}","templated":true}]}}