{"id":3452,"date":"2022-12-07T16:36:55","date_gmt":"2022-12-07T16:36:55","guid":{"rendered":"https:\/\/zcmpsandbox.com\/?page_id=3452"},"modified":"2023-07-10T14:34:28","modified_gmt":"2023-07-10T14:34:28","slug":"train-the-trainers-2","status":"publish","type":"page","link":"https:\/\/zcmp.org\/es\/train-the-trainers-2\/","title":{"rendered":"Entrenar a los entrenadores"},"content":{"rendered":"<p class=\"has-text-align-center has-medium-font-size\"><em>Jorge Emilio S\u00e1nchez<\/em><\/p>\n\n\n\n<figure class=\"wp-block-image size-large\"><img loading=\"lazy\" decoding=\"async\" width=\"1024\" height=\"105\" src=\"https:\/\/zcmp.org\/wp-content\/uploads\/2023\/06\/line5-1024x105.jpg\" alt=\"\" class=\"wp-image-4398\" srcset=\"https:\/\/zcmp.org\/wp-content\/uploads\/2023\/06\/line5-1024x105.jpg 1024w, https:\/\/zcmp.org\/wp-content\/uploads\/2023\/06\/line5-300x31.jpg 300w, https:\/\/zcmp.org\/wp-content\/uploads\/2023\/06\/line5-768x79.jpg 768w, https:\/\/zcmp.org\/wp-content\/uploads\/2023\/06\/line5-1536x157.jpg 1536w, https:\/\/zcmp.org\/wp-content\/uploads\/2023\/06\/line5-2048x210.jpg 2048w, https:\/\/zcmp.org\/wp-content\/uploads\/2023\/06\/line5-2000x205.jpg 2000w\" sizes=\"auto, (max-width: 1024px) 100vw, 1024px\" \/><\/figure>\n\n\n\n<div class=\"wp-block-columns is-layout-flex wp-container-core-columns-is-layout-9d6595d7 wp-block-columns-is-layout-flex\">\n<div class=\"wp-block-column is-layout-flow wp-block-column-is-layout-flow\">\n<figure class=\"wp-block-embed is-type-video is-provider-vimeo wp-block-embed-vimeo wp-embed-aspect-16-9 wp-has-aspect-ratio\"><div class=\"wp-block-embed__wrapper\">\n<iframe loading=\"lazy\" title=\"Entrenar a los entrenadores\" src=\"https:\/\/player.vimeo.com\/video\/757752432?h=94c1aed16a&amp;dnt=1&amp;app_id=122963\" width=\"950\" height=\"534\" frameborder=\"0\" allow=\"autoplay; fullscreen; picture-in-picture\" allowfullscreen><\/iframe>\n<\/div><\/figure>\n<\/div>\n\n\n\n<div class=\"wp-block-column is-layout-flow wp-block-column-is-layout-flow\">\n<p class=\"has-medium-font-size\"><span class=\"dropcap\">Este<\/span> El taller consisti\u00f3 en dos sesiones de todo el d\u00eda. En la primera sesi\u00f3n, los participantes realizaron una serie de ejercicios, juegos y t\u00e9cnicas de nuestro taller anterior Ensayos para el Cambio (<a href=\"https:\/\/zcmp.org\/wp-content\/uploads\/2023\/01\/ZCMP_Rehearsals-for-Change_Workshop-1.pdf\" data-type=\"attachment\" data-id=\"3913\" target=\"_blank\" rel=\"noreferrer noopener\">ver Ensayos para el kit de herramientas de cambio<\/a>), haciendo hincapi\u00e9 en aspectos clave de la facilitaci\u00f3n, como dar instrucciones claras y precisas, demostrar las actividades con la ayuda de voluntarios y preguntar a los participantes si tienen alguna pregunta antes de comenzar. <\/p>\n\n\n\n<p>En la segunda sesi\u00f3n, uno o dos participantes a la vez fueron invitados a actuar como facilitadores para cada una de las actividades para que pudi\u00e9ramos practicar y discutir los desaf\u00edos de ser un facilitador. Por ejemplo: la importancia de ser quien eres como facilitador en lugar de conformarte con una forma particular de facilitar; dar instrucciones claras y precisas, pero siempre dejando espacio para la elecci\u00f3n, porque \u201cEl Teatro del Oprimido se trata de que los participantes puedan elegir\u201d; e invitar (no decir) a los participantes a hacer algo, para que decidan lo que pueden y no pueden hacer. En estas dos sesiones, esper\u00e1bamos comenzar a transferir algunas herramientas de TO a los participantes del ZCMP. \u201cLa idea de Capacitar a los capacitadores\u201d, como dijo S\u00e1nchez, \u201ces que usted dirija estos talleres en cualquier lugar que sienta que deben realizarse\u201d.<\/p>\n<\/div>\n<\/div>\n\n\n\n<p class=\"has-small-font-size\"><img decoding=\"async\" src=\"https:\/\/zcmp.org\/wp-content\/uploads\/2023\/06\/cam-1.jpg\">  <em>Foto de encabezado: Desiree R\u00edos<\/em><\/p>","protected":false},"excerpt":{"rendered":"<p>George Emilio Sanchez Este taller consisti\u00f3 en dos sesiones de todo el d\u00eda. En la primera sesi\u00f3n, los participantes repasaron una serie de ejercicios, juegos y t\u00e9cnicas de nuestro taller anterior Ensayos para el cambio (consulte el kit de herramientas Ensayos para el cambio), enfatizando aspectos clave de la facilitaci\u00f3n como dar instrucciones claras y precisas, demostrando las actividades con la ayuda de \u2026 <\/p>\n<p class=\"link-more\"><a href=\"https:\/\/zcmp.org\/es\/train-the-trainers-2\/\" class=\"more-link\">Leer m\u00e1s<span class=\"screen-reader-text\"> &quot;Entrenar a los entrenadores&quot;<\/span><\/a><\/p>","protected":false},"author":2,"featured_media":3610,"parent":0,"menu_order":0,"comment_status":"closed","ping_status":"closed","template":"","meta":{"footnotes":""},"class_list":["post-3452","page","type-page","status-publish","has-post-thumbnail","hentry"],"_links":{"self":[{"href":"https:\/\/zcmp.org\/es\/wp-json\/wp\/v2\/pages\/3452","targetHints":{"allow":["GET"]}}],"collection":[{"href":"https:\/\/zcmp.org\/es\/wp-json\/wp\/v2\/pages"}],"about":[{"href":"https:\/\/zcmp.org\/es\/wp-json\/wp\/v2\/types\/page"}],"author":[{"embeddable":true,"href":"https:\/\/zcmp.org\/es\/wp-json\/wp\/v2\/users\/2"}],"replies":[{"embeddable":true,"href":"https:\/\/zcmp.org\/es\/wp-json\/wp\/v2\/comments?post=3452"}],"version-history":[{"count":12,"href":"https:\/\/zcmp.org\/es\/wp-json\/wp\/v2\/pages\/3452\/revisions"}],"predecessor-version":[{"id":4435,"href":"https:\/\/zcmp.org\/es\/wp-json\/wp\/v2\/pages\/3452\/revisions\/4435"}],"wp:featuredmedia":[{"embeddable":true,"href":"https:\/\/zcmp.org\/es\/wp-json\/wp\/v2\/media\/3610"}],"wp:attachment":[{"href":"https:\/\/zcmp.org\/es\/wp-json\/wp\/v2\/media?parent=3452"}],"curies":[{"name":"wp","href":"https:\/\/api.w.org\/{rel}","templated":true}]}}