{"id":3470,"date":"2022-12-07T17:12:15","date_gmt":"2022-12-07T17:12:15","guid":{"rendered":"https:\/\/zcmpsandbox.com\/?page_id=3470"},"modified":"2022-12-07T17:52:16","modified_gmt":"2022-12-07T17:52:16","slug":"maria-jose-contreras-talk-to-the-future","status":"publish","type":"page","link":"https:\/\/zcmp.org\/es\/maria-jose-contreras-talk-to-the-future\/","title":{"rendered":"Mar\u00eda Jos\u00e9 Contreras {Hablar con el futuro)"},"content":{"rendered":"<div class=\"wp-block-columns is-layout-flex wp-container-core-columns-is-layout-9d6595d7 wp-block-columns-is-layout-flex\">\n<div class=\"wp-block-column is-layout-flow wp-block-column-is-layout-flow\" style=\"flex-basis:66.66%\"><\/div>\n\n\n\n<div class=\"wp-block-column is-layout-flow wp-block-column-is-layout-flow\" style=\"flex-basis:33.33%\">\n<p>Mar\u00eda Jos\u00e9 Contreras Lorenzini es una artista y acad\u00e9mica interdisciplinaria feminista chilena que actualmente reside en Nueva York. Utilizando una amplia gama de<br>formatos art\u00edsticos, Contreras explora creativamente la relaci\u00f3n entre el cuerpo, la memoria y<br>activismo. Su trabajo ha sido presentado en Am\u00e9rica y Europa.<\/p>\n<\/div>\n<\/div>","protected":false},"excerpt":{"rendered":"<p>Mar\u00eda Jos\u00e9 Contreras Lorenzini es una artista y acad\u00e9mica interdisciplinaria feminista chilena que actualmente reside en Nueva York. Utilizando una amplia gama de formatos art\u00edsticos, Contreras explora creativamente la relaci\u00f3n entre el cuerpo, la memoria y el activismo. Su trabajo ha sido presentado en Am\u00e9rica y Europa.<\/p>","protected":false},"author":2,"featured_media":0,"parent":0,"menu_order":0,"comment_status":"closed","ping_status":"closed","template":"","meta":{"footnotes":""},"class_list":["post-3470","page","type-page","status-publish","hentry"],"_links":{"self":[{"href":"https:\/\/zcmp.org\/es\/wp-json\/wp\/v2\/pages\/3470","targetHints":{"allow":["GET"]}}],"collection":[{"href":"https:\/\/zcmp.org\/es\/wp-json\/wp\/v2\/pages"}],"about":[{"href":"https:\/\/zcmp.org\/es\/wp-json\/wp\/v2\/types\/page"}],"author":[{"embeddable":true,"href":"https:\/\/zcmp.org\/es\/wp-json\/wp\/v2\/users\/2"}],"replies":[{"embeddable":true,"href":"https:\/\/zcmp.org\/es\/wp-json\/wp\/v2\/comments?post=3470"}],"version-history":[{"count":2,"href":"https:\/\/zcmp.org\/es\/wp-json\/wp\/v2\/pages\/3470\/revisions"}],"predecessor-version":[{"id":3524,"href":"https:\/\/zcmp.org\/es\/wp-json\/wp\/v2\/pages\/3470\/revisions\/3524"}],"wp:attachment":[{"href":"https:\/\/zcmp.org\/es\/wp-json\/wp\/v2\/media?parent=3470"}],"curies":[{"name":"wp","href":"https:\/\/api.w.org\/{rel}","templated":true}]}}