{"id":3958,"date":"2023-02-02T19:29:04","date_gmt":"2023-02-02T19:29:04","guid":{"rendered":"https:\/\/zcmpsandbox.com\/?page_id=3958"},"modified":"2023-04-10T22:35:35","modified_gmt":"2023-04-10T22:35:35","slug":"depository-of-anonymous-feelings-2022","status":"publish","type":"page","link":"https:\/\/zcmp.org\/es\/depository-of-anonymous-feelings-2022\/","title":{"rendered":"Depositario de Sentimientos An\u00f3nimos, 2022"},"content":{"rendered":"<div style=\"color: #fff; position: fixed; top: 30px; right: 20px;\">Foto: Desiree R\u00edos<\/div>\n\n\n<p><strong>CHELSEA KNIGHT con CANDACE LESLIE, SANDRA LONG Y ZAHIED TONY MOHAMMED<\/strong><\/p>\n\n\n\n<p>Dise\u00f1o de hardware de audio: JinksHQ, Mathew Paul Jinks<\/p>\n\n\n\n<p>Durante el confinamiento, el tel\u00e9fono era uno de los \u00fanicos medios a trav\u00e9s de los cuales pod\u00edamos conectarnos con nuestros seres queridos. Recordando este momento, este proyecto solicita a personas an\u00f3nimas de toda la ciudad de Nueva York que llamen al (917) 781-4612. Se les dan cuatro indicaciones para elegir:&nbsp;<\/p>\n\n\n\n<ul class=\"wp-block-list\">\n<li>\u201c\u00bfTiene una historia sobre la pandemia que quiere que otros escuchen?\u201d<\/li>\n\n\n\n<li>&quot;\u00bfUn momento importante en el tiempo de los \u00faltimos dos a\u00f1os que desea describir?&quot;<\/li>\n\n\n\n<li>\u201c\u00bfQuiere decir algo sobre su experiencia con el COVID que ha tenido miedo de compartir?\u201d<\/li>\n\n\n\n<li>\u201c\u00bfQuieres cantar una canci\u00f3n que te ayud\u00f3 a superar la pandemia?\u201d<\/li>\n<\/ul>\n\n\n\n<p>Tome su tel\u00e9fono celular y llame para compartir sus sentimientos an\u00f3nimos, o escuche las historias y canciones grabadas.<\/p>\n\n\n\n<figure class=\"wp-block-audio\"><audio controls src=\"https:\/\/zcmp.org\/wp-content\/uploads\/2022\/05\/PHONE1.m4a\"><\/audio><\/figure>\n\n\n\n<figure class=\"wp-block-audio\"><audio controls src=\"https:\/\/zcmp.org\/wp-content\/uploads\/2022\/05\/PHONE2.m4a\"><\/audio><\/figure>\n\n\n\n<figure class=\"wp-block-audio\"><audio controls src=\"https:\/\/zcmp.org\/wp-content\/uploads\/2022\/05\/PHONE3-test.m4a\"><\/audio><\/figure>","protected":false},"excerpt":{"rendered":"<p>Foto: Desiree Rios CHELSEA KNIGHT con CANDACE LESLIE, SANDRA LONG y ZAHIED TONY MOHAMMED Dise\u00f1o de hardware de audio: JinksHQ, Mathew Paul Jinks Durante el confinamiento, el tel\u00e9fono era uno de los \u00fanicos medios a trav\u00e9s de los cuales pod\u00edamos conectarnos con nuestros seres queridos. Recordando este momento, este proyecto solicita a personas an\u00f3nimas de toda la ciudad de Nueva York que llamen al (917) 781-4612. Ellos son \u2026 <\/p>\n<p class=\"link-more\"><a href=\"https:\/\/zcmp.org\/es\/depository-of-anonymous-feelings-2022\/\" class=\"more-link\">Leer m\u00e1s<span class=\"screen-reader-text\"> \u00abDep\u00f3sito de Sentimientos An\u00f3nimos, 2022\u00bb<\/span><\/a><\/p>","protected":false},"author":2,"featured_media":4137,"parent":0,"menu_order":0,"comment_status":"closed","ping_status":"closed","template":"","meta":{"footnotes":""},"class_list":["post-3958","page","type-page","status-publish","has-post-thumbnail","hentry"],"_links":{"self":[{"href":"https:\/\/zcmp.org\/es\/wp-json\/wp\/v2\/pages\/3958","targetHints":{"allow":["GET"]}}],"collection":[{"href":"https:\/\/zcmp.org\/es\/wp-json\/wp\/v2\/pages"}],"about":[{"href":"https:\/\/zcmp.org\/es\/wp-json\/wp\/v2\/types\/page"}],"author":[{"embeddable":true,"href":"https:\/\/zcmp.org\/es\/wp-json\/wp\/v2\/users\/2"}],"replies":[{"embeddable":true,"href":"https:\/\/zcmp.org\/es\/wp-json\/wp\/v2\/comments?post=3958"}],"version-history":[{"count":3,"href":"https:\/\/zcmp.org\/es\/wp-json\/wp\/v2\/pages\/3958\/revisions"}],"predecessor-version":[{"id":4139,"href":"https:\/\/zcmp.org\/es\/wp-json\/wp\/v2\/pages\/3958\/revisions\/4139"}],"wp:featuredmedia":[{"embeddable":true,"href":"https:\/\/zcmp.org\/es\/wp-json\/wp\/v2\/media\/4137"}],"wp:attachment":[{"href":"https:\/\/zcmp.org\/es\/wp-json\/wp\/v2\/media?parent=3958"}],"curies":[{"name":"wp","href":"https:\/\/api.w.org\/{rel}","templated":true}]}}