{"id":4090,"date":"2023-04-01T17:42:47","date_gmt":"2023-04-01T17:42:47","guid":{"rendered":"https:\/\/zcmp.org\/?page_id=4090"},"modified":"2023-04-01T17:42:47","modified_gmt":"2023-04-01T17:42:47","slug":"judith-butler","status":"publish","type":"page","link":"https:\/\/zcmp.org\/es\/judith-butler\/","title":{"rendered":"Judith mayordomo"},"content":{"rendered":"<h3 class=\"wp-block-heading has-text-align-center\"><br>Viernes, 24 de marzo de 2023, 16:00-17:30<br>Una tarde con Judith Butler:<br>Sobre la pandemia y nuestro mundo compartido<br>Conversaci\u00f3n con Marianna Hirsch, Mia Florin-Sefton y Rishi K. Goyal<br>Jerome Greene Hall (Facultad de Derecho de Columbia), Sala 101<br><a href=\"https:\/\/www.google.com\/maps\/place\/435+W+116th+St,+New+York,+NY+10027\/@40.8067766,-73.9605226,17z\/data=!3m1!4b1!4m6!3m5!1s0x89c2f63e0dd4f2a7:0xb7cd9b23901cccfa!8m2!3d40.8067766!4d-73.9605226!16s%2Fg%2F11c24qky_s\">435 W. 116th Street, Nueva York<\/a><\/h3>\n\n\n\n<p>En este nuevo libro <a href=\"https:\/\/cup.columbia.edu\/book\/what-world-is-this\/9780231208291\">\u00bfQu\u00e9 mundo es este? Una fenomenolog\u00eda pand\u00e9mica<\/a>, Judith Butler ofrece una nueva explicaci\u00f3n de la interdependencia en la que tocar y respirar, capacidades que en medio de un brote viral pueden amenazar la vida misma, desafiar los l\u00edmites del cuerpo y la individualidad. Al exponer y oponerse a formas de injusticia que niegan la interrelaci\u00f3n esencial de los seres vivos, Butler aboga por una igualdad social radical y aboga por modos de resistencia que buscan establecer nuevas condiciones de habitabilidad y un nuevo sentido de un mundo compartido. Registro <a href=\"https:\/\/sofheyman.org\/events\/an-afternoon-with-judith-butler\">aqu\u00ed<\/a>.<\/p>\n\n\n\n<p><a href=\"https:\/\/vcresearch.berkeley.edu\/faculty\/judith-butler\">Judith mayordomo<\/a> es Profesor Distinguido en la Escuela de Graduados de la Universidad de California, Berkeley.<\/p>\n\n\n\n<hr class=\"wp-block-separator has-alpha-channel-opacity\"\/>","protected":false},"excerpt":{"rendered":"<p>Viernes, 24 de marzo de 2023, 4:00-5:30 p. m. Una tarde con Judith Butler: Sobre la pandemia y nuestro mundo compartido Discusi\u00f3n con Marianna Hirsch, Mia Florin-Sefton y Rishi K. Goyal Jerome Greene Hall (Facultad de Derecho de Columbia), Sala 101435 W. 116th Street, Nueva York En este nuevo libro \u00bfQu\u00e9 mundo es este? Una fenomenolog\u00eda pand\u00e9mica, Judith Butler ofrece una nueva explicaci\u00f3n de la interdependencia... <\/p>\n<p class=\"link-more\"><a href=\"https:\/\/zcmp.org\/es\/judith-butler\/\" class=\"more-link\">Leer m\u00e1s<span class=\"screen-reader-text\"> \u00abJudith Mayordomo\u00bb<\/span><\/a><\/p>","protected":false},"author":2,"featured_media":0,"parent":0,"menu_order":0,"comment_status":"closed","ping_status":"closed","template":"","meta":{"footnotes":""},"class_list":["post-4090","page","type-page","status-publish","hentry"],"_links":{"self":[{"href":"https:\/\/zcmp.org\/es\/wp-json\/wp\/v2\/pages\/4090","targetHints":{"allow":["GET"]}}],"collection":[{"href":"https:\/\/zcmp.org\/es\/wp-json\/wp\/v2\/pages"}],"about":[{"href":"https:\/\/zcmp.org\/es\/wp-json\/wp\/v2\/types\/page"}],"author":[{"embeddable":true,"href":"https:\/\/zcmp.org\/es\/wp-json\/wp\/v2\/users\/2"}],"replies":[{"embeddable":true,"href":"https:\/\/zcmp.org\/es\/wp-json\/wp\/v2\/comments?post=4090"}],"version-history":[{"count":1,"href":"https:\/\/zcmp.org\/es\/wp-json\/wp\/v2\/pages\/4090\/revisions"}],"predecessor-version":[{"id":4091,"href":"https:\/\/zcmp.org\/es\/wp-json\/wp\/v2\/pages\/4090\/revisions\/4091"}],"wp:attachment":[{"href":"https:\/\/zcmp.org\/es\/wp-json\/wp\/v2\/media?parent=4090"}],"curies":[{"name":"wp","href":"https:\/\/api.w.org\/{rel}","templated":true}]}}